{"id":906212,"date":"2025-03-03T18:04:07","date_gmt":"2025-03-03T18:04:07","guid":{"rendered":"https:\/\/www.xn--alpakashop-sterreich-ebc.at\/?post_type=product&#038;p=906212"},"modified":"2025-03-03T18:14:12","modified_gmt":"2025-03-03T18:14:12","slug":"alpaka-kopfkissen-mit-schafwolle","status":"publish","type":"product","link":"https:\/\/www.xn--alpakashop-sterreich-ebc.at\/index.php\/produkt\/alpaka-kopfkissen-mit-schafwolle\/","title":{"rendered":"Alpaka Kopfkissen mit Schafwoll &#8211; F\u00fcllung"},"content":{"rendered":"<p><strong>Versteppung und F\u00fcllung:<\/strong><\/p>\n<p>40&#215;80 cm: 200\u00a0g Alpakawolle\u00a0gef\u00fcllt mit\u00a0400 g Schafwollk\u00fcgelchen<\/p>\n<p>80&#215;80 cm: 400 g Alpakawolle gef\u00fcllt mit 1000 g Schafwollk\u00fcgelchen<\/p>\n<p>70&#215;90 cm: 400 g Alpakawolle gef\u00fcllt mit 1000 g Schafwollk\u00fcgelchen<\/p>\n<div id=\"shopify-section-template--23201468154205__main\" class=\"shopify-section cc-main-product product-main\">\n<div class=\"container\">\n<div class=\"product js-product\" data-section=\"template--23201468154205__main\">\n<div class=\"product-info\">\n<div class=\"product-info__block product-info__block--sm rte product-description\">\n<p>H\u00e4rtegrad: 4\/10<\/p>\n<p>F\u00fcr den ruhigen und gesunden Schlaf: Kuschelig weiches mit Alpakawolle verstepptes Kopfkissen, welches noch zus\u00e4tzlich st\u00fctzt. Gef\u00fcllt mit Schafwollk\u00fcgelchen zur Stabilisierung des Kissens.<\/p>\n<p><strong>Flexibel mit Rei\u00dfverschlu\u00df. Somit kann die F\u00fcllung jederzeit entnommen, angepasst oder nachgef\u00fcllt werden.<\/strong><\/p>\n<p>Durch die Schafwolle (kbT=\u00a0kontrolliert biologische Tierhaltung) bekommt das Kissen die F\u00fclle und kann aufgesch\u00fcttelt und gelockert werden (was bei reinen Alpaka Kissen nicht m\u00f6glich ist).<\/p>\n<p>Der Baumwollbezug ist naturbelassen, ungebleicht, ungef\u00e4rbt und mit Alpakawolle versteppt.<\/p>\n<p>Made in Germany. Atmungsaktiv, hautfreundlich, umweltfreundlich.<\/p>\n<\/div>\n<\/div>\n<\/div>\n<\/div>\n<\/div>\n","protected":false},"excerpt":{"rendered":"<p>Versteppung und F\u00fcllung: 40&#215;80 cm: 200\u00a0g Alpakawolle\u00a0gef\u00fcllt mit\u00a0400 g Schafwollk\u00fcgelchen 80&#215;80 cm: 400 g Alpakawolle gef\u00fcllt mit 1000 g Schafwollk\u00fcgelchen 70&#215;90 cm: 400 g Alpakawolle gef\u00fcllt mit 1000 g Schafwollk\u00fcgelchen H\u00e4rtegrad: 4\/10 F\u00fcr den ruhigen und gesunden Schlaf: Kuschelig weiches mit Alpakawolle verstepptes Kopfkissen, welches noch zus\u00e4tzlich st\u00fctzt. Gef\u00fcllt mit Schafwollk\u00fcgelchen zur Stabilisierung des Kissens. [&hellip;]<\/p>\n","protected":false},"featured_media":906216,"comment_status":"open","ping_status":"closed","template":"","meta":[],"product_brand":[],"product_cat":[19],"product_tag":[],"class_list":{"0":"post-906212","1":"product","2":"type-product","3":"status-publish","4":"has-post-thumbnail","6":"product_cat-bettwaren","8":"first","9":"instock","10":"shipping-taxable","11":"purchasable","12":"product-type-variable"},"_links":{"self":[{"href":"https:\/\/www.xn--alpakashop-sterreich-ebc.at\/index.php\/wp-json\/wp\/v2\/product\/906212","targetHints":{"allow":["GET"]}}],"collection":[{"href":"https:\/\/www.xn--alpakashop-sterreich-ebc.at\/index.php\/wp-json\/wp\/v2\/product"}],"about":[{"href":"https:\/\/www.xn--alpakashop-sterreich-ebc.at\/index.php\/wp-json\/wp\/v2\/types\/product"}],"replies":[{"embeddable":true,"href":"https:\/\/www.xn--alpakashop-sterreich-ebc.at\/index.php\/wp-json\/wp\/v2\/comments?post=906212"}],"wp:featuredmedia":[{"embeddable":true,"href":"https:\/\/www.xn--alpakashop-sterreich-ebc.at\/index.php\/wp-json\/wp\/v2\/media\/906216"}],"wp:attachment":[{"href":"https:\/\/www.xn--alpakashop-sterreich-ebc.at\/index.php\/wp-json\/wp\/v2\/media?parent=906212"}],"wp:term":[{"taxonomy":"product_brand","embeddable":true,"href":"https:\/\/www.xn--alpakashop-sterreich-ebc.at\/index.php\/wp-json\/wp\/v2\/product_brand?post=906212"},{"taxonomy":"product_cat","embeddable":true,"href":"https:\/\/www.xn--alpakashop-sterreich-ebc.at\/index.php\/wp-json\/wp\/v2\/product_cat?post=906212"},{"taxonomy":"product_tag","embeddable":true,"href":"https:\/\/www.xn--alpakashop-sterreich-ebc.at\/index.php\/wp-json\/wp\/v2\/product_tag?post=906212"}],"curies":[{"name":"wp","href":"https:\/\/api.w.org\/{rel}","templated":true}]}}