{"id":906221,"date":"2025-03-03T18:09:45","date_gmt":"2025-03-03T18:09:45","guid":{"rendered":"https:\/\/www.xn--alpakashop-sterreich-ebc.at\/?post_type=product&#038;p=906221"},"modified":"2025-03-03T18:13:51","modified_gmt":"2025-03-03T18:13:51","slug":"flaches-alpaka-kopfkissen-100-alpakawolle","status":"publish","type":"product","link":"https:\/\/www.xn--alpakashop-sterreich-ebc.at\/index.php\/produkt\/flaches-alpaka-kopfkissen-100-alpakawolle\/","title":{"rendered":"Alpaka Kopfkissen mit 100% Alpakawolle &#8211; F\u00fcllung"},"content":{"rendered":"<p><strong>Versteppung und F\u00fcllung:<\/strong><\/p>\n<p>40&#215;80 cm: 200 g Alpakawolle<\/p>\n<p>80&#215;80 cm: 400 g Alpakawolle<\/p>\n<p>70&#215;90 cm: 400 g Alpakawolle<\/p>\n<div id=\"shopify-section-template--23201468154205__main\" class=\"shopify-section cc-main-product product-main\">\n<div class=\"container\">\n<div class=\"product js-product\" data-section=\"template--23201468154205__main\">\n<div class=\"product-info\">\n<div class=\"product-info__block product-info__block--sm rte product-description\">\n<p>Weiches und atmungsaktives Alpaka Kopfkissen.<\/p>\n<p>Alpakawolle ist eine sehr feine Faser und ist als reine Kopfkissen-F\u00fcllung geeignet, wenn du dich mit einem eher flacheren Kissen wohlf\u00fchlst. Das Alpakawoll-Kopfkissen sorgt f\u00fcr deinen gesunden und ruhigen Schlaf. Versteppt mit 100% Alpakavlies. Das Inlett besteht aus 100% Baumwolle. Naturbelassen, ungebleicht und ungef\u00e4rbt.<\/p>\n<\/div>\n<\/div>\n<\/div>\n<\/div>\n<\/div>\n","protected":false},"excerpt":{"rendered":"<p>Versteppung und F\u00fcllung: 40&#215;80 cm: 200 g Alpakawolle 80&#215;80 cm: 400 g Alpakawolle 70&#215;90 cm: 400 g Alpakawolle Weiches und atmungsaktives Alpaka Kopfkissen. Alpakawolle ist eine sehr feine Faser und ist als reine Kopfkissen-F\u00fcllung geeignet, wenn du dich mit einem eher flacheren Kissen wohlf\u00fchlst. Das Alpakawoll-Kopfkissen sorgt f\u00fcr deinen gesunden und ruhigen Schlaf. Versteppt mit [&hellip;]<\/p>\n","protected":false},"featured_media":906225,"comment_status":"open","ping_status":"closed","template":"","meta":[],"product_brand":[],"product_cat":[19],"product_tag":[],"class_list":{"0":"post-906221","1":"product","2":"type-product","3":"status-publish","4":"has-post-thumbnail","6":"product_cat-bettwaren","8":"first","9":"instock","10":"shipping-taxable","11":"purchasable","12":"product-type-variable"},"_links":{"self":[{"href":"https:\/\/www.xn--alpakashop-sterreich-ebc.at\/index.php\/wp-json\/wp\/v2\/product\/906221","targetHints":{"allow":["GET"]}}],"collection":[{"href":"https:\/\/www.xn--alpakashop-sterreich-ebc.at\/index.php\/wp-json\/wp\/v2\/product"}],"about":[{"href":"https:\/\/www.xn--alpakashop-sterreich-ebc.at\/index.php\/wp-json\/wp\/v2\/types\/product"}],"replies":[{"embeddable":true,"href":"https:\/\/www.xn--alpakashop-sterreich-ebc.at\/index.php\/wp-json\/wp\/v2\/comments?post=906221"}],"wp:featuredmedia":[{"embeddable":true,"href":"https:\/\/www.xn--alpakashop-sterreich-ebc.at\/index.php\/wp-json\/wp\/v2\/media\/906225"}],"wp:attachment":[{"href":"https:\/\/www.xn--alpakashop-sterreich-ebc.at\/index.php\/wp-json\/wp\/v2\/media?parent=906221"}],"wp:term":[{"taxonomy":"product_brand","embeddable":true,"href":"https:\/\/www.xn--alpakashop-sterreich-ebc.at\/index.php\/wp-json\/wp\/v2\/product_brand?post=906221"},{"taxonomy":"product_cat","embeddable":true,"href":"https:\/\/www.xn--alpakashop-sterreich-ebc.at\/index.php\/wp-json\/wp\/v2\/product_cat?post=906221"},{"taxonomy":"product_tag","embeddable":true,"href":"https:\/\/www.xn--alpakashop-sterreich-ebc.at\/index.php\/wp-json\/wp\/v2\/product_tag?post=906221"}],"curies":[{"name":"wp","href":"https:\/\/api.w.org\/{rel}","templated":true}]}}