{"id":906230,"date":"2025-03-03T18:24:28","date_gmt":"2025-03-03T18:24:28","guid":{"rendered":"https:\/\/www.xn--alpakashop-sterreich-ebc.at\/?post_type=product&#038;p=906230"},"modified":"2025-03-03T18:30:35","modified_gmt":"2025-03-03T18:30:35","slug":"matratzenauflage-alpakaflor","status":"publish","type":"product","link":"https:\/\/www.xn--alpakashop-sterreich-ebc.at\/index.php\/produkt\/matratzenauflage-alpakaflor\/","title":{"rendered":"Matratzenauflage Alpakaflor"},"content":{"rendered":"<p>Kuschelig w\u00e4rmende Matratzenauflage aus Alpakaflor mit\u00a04 Eckgummis zur Fixierung auf der Matratze.<br \/>\nW\u00e4rmeregulierend.<br \/>\nWollflor: 80% Alpakawolle (Flor), 20% Polyester (Tr\u00e4gergestrick).<\/p>\n<p>Individuelle Gr\u00f6\u00dfen k\u00f6nnen gefertigt werden, schreibe uns einfach eine Mail an <a href=\"mailto:office@xn--alpakashop-sterreich-ebc.at\">office@alpakashop-\u00f6sterreich.at<\/a><\/p>\n","protected":false},"excerpt":{"rendered":"<p>Kuschelig w\u00e4rmende Matratzenauflage aus Alpakaflor mit\u00a04 Eckgummis zur Fixierung auf der Matratze. W\u00e4rmeregulierend. Wollflor: 80% Alpakawolle (Flor), 20% Polyester (Tr\u00e4gergestrick). Individuelle Gr\u00f6\u00dfen k\u00f6nnen gefertigt werden, schreibe uns einfach eine Mail an office@alpakashop-\u00f6sterreich.at<\/p>\n","protected":false},"featured_media":906238,"comment_status":"open","ping_status":"closed","template":"","meta":[],"product_brand":[],"product_cat":[19],"product_tag":[],"class_list":{"0":"post-906230","1":"product","2":"type-product","3":"status-publish","4":"has-post-thumbnail","6":"product_cat-bettwaren","8":"first","9":"instock","10":"shipping-taxable","11":"purchasable","12":"product-type-variable"},"_links":{"self":[{"href":"https:\/\/www.xn--alpakashop-sterreich-ebc.at\/index.php\/wp-json\/wp\/v2\/product\/906230","targetHints":{"allow":["GET"]}}],"collection":[{"href":"https:\/\/www.xn--alpakashop-sterreich-ebc.at\/index.php\/wp-json\/wp\/v2\/product"}],"about":[{"href":"https:\/\/www.xn--alpakashop-sterreich-ebc.at\/index.php\/wp-json\/wp\/v2\/types\/product"}],"replies":[{"embeddable":true,"href":"https:\/\/www.xn--alpakashop-sterreich-ebc.at\/index.php\/wp-json\/wp\/v2\/comments?post=906230"}],"wp:featuredmedia":[{"embeddable":true,"href":"https:\/\/www.xn--alpakashop-sterreich-ebc.at\/index.php\/wp-json\/wp\/v2\/media\/906238"}],"wp:attachment":[{"href":"https:\/\/www.xn--alpakashop-sterreich-ebc.at\/index.php\/wp-json\/wp\/v2\/media?parent=906230"}],"wp:term":[{"taxonomy":"product_brand","embeddable":true,"href":"https:\/\/www.xn--alpakashop-sterreich-ebc.at\/index.php\/wp-json\/wp\/v2\/product_brand?post=906230"},{"taxonomy":"product_cat","embeddable":true,"href":"https:\/\/www.xn--alpakashop-sterreich-ebc.at\/index.php\/wp-json\/wp\/v2\/product_cat?post=906230"},{"taxonomy":"product_tag","embeddable":true,"href":"https:\/\/www.xn--alpakashop-sterreich-ebc.at\/index.php\/wp-json\/wp\/v2\/product_tag?post=906230"}],"curies":[{"name":"wp","href":"https:\/\/api.w.org\/{rel}","templated":true}]}}